{"id":23,"date":"2023-08-12T17:30:03","date_gmt":"2023-08-12T15:30:03","guid":{"rendered":"https:\/\/www.klin-psych.cz\/?page_id=23"},"modified":"2024-06-10T22:34:57","modified_gmt":"2024-06-10T20:34:57","slug":"o-nas","status":"publish","type":"page","link":"https:\/\/www.klin-psych.cz\/","title":{"rendered":"O n\u00e1s"},"content":{"rendered":"\n<h2 class=\"wp-block-heading\">Mgr. Silvie Loubalov\u00e1<\/h2>\n\n\n\n<p><\/p>\n\n\n\n<h2 class=\"wp-block-heading\">Mgr. et Ing. Val\u00e9ria \u0158ezn\u00ed\u010dek Kolc\u00fanov\u00e1<\/h2>\n\n\n\n<p><\/p>\n\n\n\n<h2 class=\"wp-block-heading\">PhDr. Petr Caga\u0161<\/h2>\n\n\n\n<p><\/p>\n\n\n\n<h2 class=\"wp-block-heading\">Mgr. Kate\u0159ina Nejedl\u00e1<\/h2>\n","protected":false},"excerpt":{"rendered":"<p>Mgr. Silvie Loubalov\u00e1 Mgr. et Ing. Val\u00e9ria \u0158ezn\u00ed\u010dek Kolc\u00fanov\u00e1 PhDr. Petr Caga\u0161 Mgr. Kate\u0159ina Nejedl\u00e1<\/p>\n","protected":false},"author":1,"featured_media":0,"parent":0,"menu_order":0,"comment_status":"closed","ping_status":"closed","template":"","meta":{"footnotes":""},"class_list":["post-23","page","type-page","status-publish","hentry"],"_links":{"self":[{"href":"https:\/\/www.klin-psych.cz\/index.php?rest_route=\/wp\/v2\/pages\/23","targetHints":{"allow":["GET"]}}],"collection":[{"href":"https:\/\/www.klin-psych.cz\/index.php?rest_route=\/wp\/v2\/pages"}],"about":[{"href":"https:\/\/www.klin-psych.cz\/index.php?rest_route=\/wp\/v2\/types\/page"}],"author":[{"embeddable":true,"href":"https:\/\/www.klin-psych.cz\/index.php?rest_route=\/wp\/v2\/users\/1"}],"replies":[{"embeddable":true,"href":"https:\/\/www.klin-psych.cz\/index.php?rest_route=%2Fwp%2Fv2%2Fcomments&post=23"}],"version-history":[{"count":5,"href":"https:\/\/www.klin-psych.cz\/index.php?rest_route=\/wp\/v2\/pages\/23\/revisions"}],"predecessor-version":[{"id":43,"href":"https:\/\/www.klin-psych.cz\/index.php?rest_route=\/wp\/v2\/pages\/23\/revisions\/43"}],"wp:attachment":[{"href":"https:\/\/www.klin-psych.cz\/index.php?rest_route=%2Fwp%2Fv2%2Fmedia&parent=23"}],"curies":[{"name":"wp","href":"https:\/\/api.w.org\/{rel}","templated":true}]}}